{"id":40,"date":"2022-04-04T13:08:14","date_gmt":"2022-04-04T11:08:14","guid":{"rendered":"https:\/\/heavengym.cz\/domains\/heavengym.cz\/?page_id=40"},"modified":"2023-04-24T14:05:50","modified_gmt":"2023-04-24T12:05:50","slug":"acerca-de-nosotros","status":"publish","type":"page","link":"https:\/\/heavengym.cz\/es\/o-nas\/","title":{"rendered":"Qui\u00e9nes somos"},"content":{"rendered":"<p>Combinando el movimiento y la modificaci\u00f3n del estilo de vida, cambiamos vidas. Nos enorgullecemos de nuestro ambiente amistoso \u00fanico y el enfoque a cada uno de ustedes. Desarrollamos todos los componentes de fuerza y atributos de fitness con nuestros clientes, adem\u00e1s de cambiar sus cuerpos m\u00e1s all\u00e1 del reconocimiento. Nuestra principal preocupaci\u00f3n es la salud y el movimiento sin dolor, con la transformaci\u00f3n f\u00edsica como una preocupaci\u00f3n secundaria. <\/p>\n\n\n\n<p>Convi\u00e9rtete en uno de nosotros y cambia tambi\u00e9n tu vida. Ahora es el momento <a href=\"https:\/\/heavengym.cz\/es\/empezar-a-hacer-ejercicio\/\" data-type=\"page\" data-id=\"86\">el momento adecuado para empezar<\/a>!<\/p>","protected":false},"excerpt":{"rendered":"<p>Spojen\u00edm pohybu a \u00fapravou \u017eivotn\u00edho stylu m\u011bn\u00edme \u017eivoty. Zakl\u00e1d\u00e1me si na jedine\u010dn\u00e9 p\u0159\u00e1telsk\u00e9 atmosf\u00e9\u0159e a p\u0159\u00edstupu ke ka\u017ed\u00e9mu z v\u00e1s. Rozv\u00edj\u00edme s na\u0161imi klienty v\u0161echny slo\u017eky silov\u00fdch a kondi\u010dn\u00edch atribut\u016f a nav\u00edc m\u011bn\u00edme jejich t\u011bla k nepozn\u00e1n\u00ed. Prim\u00e1rn\u011b n\u00e1m z\u00e1le\u017e\u00ed na zdrav\u00ed a bezbolestn\u00e9m pohybu, a\u017e sekund\u00e1rn\u011b na t\u011blesn\u00e9 prom\u011bn\u011b. Sta\u0148 se jedn\u00edm z n\u00e1s [&hellip;]<\/p>\n","protected":false},"author":1,"featured_media":0,"parent":0,"menu_order":0,"comment_status":"closed","ping_status":"closed","template":"","meta":{"_acf_changed":false,"footnotes":""},"class_list":["post-40","page","type-page","status-publish","hentry"],"acf":[],"_links":{"self":[{"href":"https:\/\/heavengym.cz\/es\/wp-json\/wp\/v2\/pages\/40","targetHints":{"allow":["GET"]}}],"collection":[{"href":"https:\/\/heavengym.cz\/es\/wp-json\/wp\/v2\/pages"}],"about":[{"href":"https:\/\/heavengym.cz\/es\/wp-json\/wp\/v2\/types\/page"}],"author":[{"embeddable":true,"href":"https:\/\/heavengym.cz\/es\/wp-json\/wp\/v2\/users\/1"}],"replies":[{"embeddable":true,"href":"https:\/\/heavengym.cz\/es\/wp-json\/wp\/v2\/comments?post=40"}],"version-history":[{"count":7,"href":"https:\/\/heavengym.cz\/es\/wp-json\/wp\/v2\/pages\/40\/revisions"}],"predecessor-version":[{"id":313,"href":"https:\/\/heavengym.cz\/es\/wp-json\/wp\/v2\/pages\/40\/revisions\/313"}],"wp:attachment":[{"href":"https:\/\/heavengym.cz\/es\/wp-json\/wp\/v2\/media?parent=40"}],"curies":[{"name":"wp","href":"https:\/\/api.w.org\/{rel}","templated":true}]}}