{"id":47,"date":"2022-04-04T13:09:35","date_gmt":"2022-04-04T11:09:35","guid":{"rendered":"https:\/\/heavengym.cz\/domains\/heavengym.cz\/?page_id=47"},"modified":"2022-05-26T21:46:41","modified_gmt":"2022-05-26T19:46:41","slug":"pongase-en-contacto-con","status":"publish","type":"page","link":"https:\/\/heavengym.cz\/es\/kontakt\/","title":{"rendered":"P\u00f3ngase en contacto con"},"content":{"rendered":"<h2 class=\"has-text-align-center wp-block-heading\"><strong>Operadora:<\/strong><\/h2>\n\n\n\n<p class=\"has-text-align-center\"><strong>Sports4Fun s.r.o.<\/strong><br>IDENTIFICADOR: 02968363<br>C 22639 registrado en el Tribunal Regional de \u010cesk\u00e9 Bud\u011bjovice.<br>nosotros. P\u0159emysl Otakar II. 123\/36,<br>\u010cesk\u00e9 Bud\u011bjovice 1,<br>370 01 \u010cesk\u00e9 Bud\u011bjovice<\/p>","protected":false},"excerpt":{"rendered":"<p>Operador: Sports4Fun s.r.o.I\u010c: 02968363C 22639 registrado en el Tribunal Regional de \u010cesk\u00e9 Bud\u011bjovicen\u00e1m. P\u0159emysl Otakar II. 123\/36,\u010cesk\u00e9 Bud\u011bjovice 1,370 01 \u010cesk\u00e9 Bud\u011bjovice<\/p>","protected":false},"author":1,"featured_media":0,"parent":0,"menu_order":0,"comment_status":"closed","ping_status":"closed","template":"","meta":{"_acf_changed":false,"footnotes":""},"class_list":["post-47","page","type-page","status-publish","hentry"],"acf":[],"_links":{"self":[{"href":"https:\/\/heavengym.cz\/es\/wp-json\/wp\/v2\/pages\/47","targetHints":{"allow":["GET"]}}],"collection":[{"href":"https:\/\/heavengym.cz\/es\/wp-json\/wp\/v2\/pages"}],"about":[{"href":"https:\/\/heavengym.cz\/es\/wp-json\/wp\/v2\/types\/page"}],"author":[{"embeddable":true,"href":"https:\/\/heavengym.cz\/es\/wp-json\/wp\/v2\/users\/1"}],"replies":[{"embeddable":true,"href":"https:\/\/heavengym.cz\/es\/wp-json\/wp\/v2\/comments?post=47"}],"version-history":[{"count":5,"href":"https:\/\/heavengym.cz\/es\/wp-json\/wp\/v2\/pages\/47\/revisions"}],"predecessor-version":[{"id":200,"href":"https:\/\/heavengym.cz\/es\/wp-json\/wp\/v2\/pages\/47\/revisions\/200"}],"wp:attachment":[{"href":"https:\/\/heavengym.cz\/es\/wp-json\/wp\/v2\/media?parent=47"}],"curies":[{"name":"wp","href":"https:\/\/api.w.org\/{rel}","templated":true}]}}