{"id":86,"date":"2022-04-04T15:20:14","date_gmt":"2022-04-04T13:20:14","guid":{"rendered":"https:\/\/heavengym.cz\/domains\/heavengym.cz\/?page_id=86"},"modified":"2022-05-26T23:23:56","modified_gmt":"2022-05-26T21:23:56","slug":"empezar-a-hacer-ejercicio","status":"publish","type":"page","link":"https:\/\/heavengym.cz\/es\/zacit-cvicit\/","title":{"rendered":"Empieza a practicar"},"content":{"rendered":"<p>Rellene un breve cuestionario y dise\u00f1aremos una soluci\u00f3n adaptada a su cuerpo, dieta, h\u00e1bitos, etc.<\/p>","protected":false},"excerpt":{"rendered":"<p>Rellene un breve cuestionario y dise\u00f1aremos una soluci\u00f3n adaptada a su cuerpo, dieta, h\u00e1bitos, etc.<\/p>","protected":false},"author":1,"featured_media":0,"parent":0,"menu_order":0,"comment_status":"closed","ping_status":"closed","template":"","meta":{"_acf_changed":false,"footnotes":""},"class_list":["post-86","page","type-page","status-publish","hentry"],"acf":[],"_links":{"self":[{"href":"https:\/\/heavengym.cz\/es\/wp-json\/wp\/v2\/pages\/86","targetHints":{"allow":["GET"]}}],"collection":[{"href":"https:\/\/heavengym.cz\/es\/wp-json\/wp\/v2\/pages"}],"about":[{"href":"https:\/\/heavengym.cz\/es\/wp-json\/wp\/v2\/types\/page"}],"author":[{"embeddable":true,"href":"https:\/\/heavengym.cz\/es\/wp-json\/wp\/v2\/users\/1"}],"replies":[{"embeddable":true,"href":"https:\/\/heavengym.cz\/es\/wp-json\/wp\/v2\/comments?post=86"}],"version-history":[{"count":4,"href":"https:\/\/heavengym.cz\/es\/wp-json\/wp\/v2\/pages\/86\/revisions"}],"predecessor-version":[{"id":211,"href":"https:\/\/heavengym.cz\/es\/wp-json\/wp\/v2\/pages\/86\/revisions\/211"}],"wp:attachment":[{"href":"https:\/\/heavengym.cz\/es\/wp-json\/wp\/v2\/media?parent=86"}],"curies":[{"name":"wp","href":"https:\/\/api.w.org\/{rel}","templated":true}]}}